{"id":62,"date":"2020-05-10T10:22:42","date_gmt":"2020-05-10T10:22:42","guid":{"rendered":"https:\/\/demo.keonthemes.com\/gutener\/demo4\/?page_id=216"},"modified":"2025-10-29T15:47:48","modified_gmt":"2025-10-29T18:47:48","slug":"home","status":"publish","type":"page","link":"https:\/\/www.benhame.adv.br\/","title":{"rendered":"Home"},"content":{"rendered":"\n<section id=\"gm17987b8\" class=\"wp-block-gutentor-m5 section-gm17987b8 gutentor-module gutentor-module-slider gutentor-slick-a-default-desktop gutentor-module-caption-enabled\"><div class=\"gutentor-module-slider-row\" data-dots=\"false\" data-dotstablet=\"false\" data-dotsmobile=\"false\" data-nextarrow=\"fas fa-angle-right\" data-prevarrow=\"fas fa-angle-left\" data-arrows=\"true\" data-arrowstablet=\"true\" data-arrowsmobile=\"true\" data-fade=\"false\" data-draggable=\"true\" data-infinite=\"true\" data-autoplay=\"true\" data-pauseonfocus=\"true\" data-pauseonhover=\"true\" data-speed=\"300\" data-autoplayspeed=\"300\" data-arrowspositiondesktop=\"gutentor-slick-a-default-desktop\">\n<div id=\"col-gm6ecf78\" class=\"wp-block-gutentor-m5-col col-gm6ecf78 gutentor-slider-item\"><div id=\"section-gm6ecf78\" class=\"section-gm6ecf78 gutentor-col-wrap has-image-bg has-custom-bg has-gutentor-overlay\"><div class=\"gutentor-slider-caption\"><div class=\"grid-container\">\n<div id=\"section-gabeff3\" class=\"wp-block-gutentor-e1 section-gabeff3 gutentor-element gutentor-element-advanced-text text-align-center-desktop\"><div class=\"gutentor-text-wrap\"><h1 class=\"gutentor-text\">BENHAME ADVOCACIA<\/h1><\/div><\/div>\n\n\n\n<div id=\"section-ge4c058\" class=\"wp-block-gutentor-e1 section-ge4c058 gutentor-element gutentor-element-advanced-text text-align-center-desktop\"><div class=\"gutentor-text-wrap\"><h3 class=\"gutentor-text\">Conhe\u00e7a nosso escrit\u00f3rio<\/h3><\/div><\/div>\n<\/div><\/div><\/div><\/div>\n<\/div><\/section>\n\n\n\n<section id=\"section-f09246e0-33df-47a7-aac0-827028b547d5\" class=\"wp-block-gutentor-divider alignwide section-f09246e0-33df-47a7-aac0-827028b547d5 gutentor-element gutentor-section gutentor-divider text-center\"><div class=\"grid-container\"><div class=\"gutentor-divider-box\"><span class=\"gutentor-divider-separator\"><\/span><\/div><\/div><\/section>\n\n\n\n<section id=\"gmb67213e\" class=\"wp-block-gutentor-m3 section-gmb67213e gutentor-module gutentor-container-cover g-pos-r-desktop g-pos-d-tablet g-pos-d-mobile g-pos-custom-desktop\"><div class=\"grid-container gutentor-rm-ct-space-d gutentor-rm-ct-space-t gutentor-rm-ct-space\">\n<section id=\"section-f0d459c9-d348-46df-a066-1de30e347684\" class=\"wp-block-gutentor-advanced-columns gutentor-section gutentor-advanced-columns g-pos-r-desktop g-pos-d-tablet g-pos-d-mobile\"><div class=\"grid-container\"><div class=\"grid-row\">\n<section id=\"section-885c2070-749f-451a-8adb-7f0374cb6c8e\" class=\"wp-block-gutentor-single-column gutentor-single-column  grid-lg-6 grid-md-12 grid-12\">\n<div id=\"section-g6b265e\" class=\"wp-block-gutentor-e6 section-g6b265e gutentor-element gutentor-element-image g-pos-r-desktop g-pos-r-tablet g-pos-r-mobile g-pos-custom-desktop g-pos-custom-tablet g-pos-custom-mobile gutentor-enabled-width\"><div class=\"gutentor-element-image-box\"><div class=\"gutentor-bg-image\"><div class=\"overlay\"><\/div><\/div><\/div><\/div>\n\n\n\n<div id=\"section-ge84675\" class=\"wp-block-gutentor-e6 section-ge84675 gutentor-element gutentor-element-image g-pos-a-desktop g-pos-a-tablet g-pos-a-mobile g-pos-custom-desktop g-pos-custom-tablet g-pos-custom-mobile gutentor-enabled-width\"><div class=\"gutentor-element-image-box\"><div class=\"gutentor-bg-image\"><div class=\"overlay\"><\/div><\/div><\/div><\/div>\n\n\n\n<p><\/p>\n<\/section>\n\n\n\n<section id=\"section-34595980-f963-45bb-b647-47ffb4d59bd3\" class=\"wp-block-gutentor-single-column gutentor-single-column  grid-lg-6 grid-md-12 grid-12\">\n<div id=\"section-gbb90ba\" class=\"wp-block-gutentor-e1 section-gbb90ba gutentor-element gutentor-element-advanced-text gutentor-width-enabled enable-title-design text-align-center-desktop\"><div class=\"gutentor-text-wrap divider-bottom\"><h5 class=\"gutentor-text\">Quem Somos<\/h5><div class=\"gutentor-separator gutentor-separator-after border-solid\"><\/div><\/div><\/div>\n\n\n\n<div id=\"section-g9d3738\" class=\"wp-block-gutentor-e1 section-g9d3738 gutentor-element gutentor-element-advanced-text\"><div class=\"gutentor-text-wrap\"><p class=\"gutentor-text\">O Escrit\u00f3rio se mant\u00e9m atuante por mais de 35 anos, assumindo em 1998 a roupagem jur\u00eddica. Tem atua\u00e7\u00e3o presente no dia a dia dos clientes em contato pr\u00f3ximo com todas as \u00e1reas da empresa, especialmente Recursos Humanos e administrativa financeira, dessa forma sua assessoria sempre se adequa \u00e0 realidade de cada cliente, atendendo-o em suas particularidades.<br><br>O Escrit\u00f3rio mant\u00e9m sua voca\u00e7\u00e3o de ser pequeno mas s\u00f3lido nos conhecimentos e servi\u00e7os diferenciados apresentados a seus clientes. A especialidade nas \u00e1reas civil e trabalhista aliados aos conhecimentos t\u00e9cnicos interdisciplinares permitem solu\u00e7\u00f5es inovadoras para quest\u00f5es complexas tanto na esfera consultiva como de um contencioso estrat\u00e9gico.<\/p><\/div><\/div>\n<\/section>\n<\/div><\/div><\/section>\n<\/div><\/section>\n\n\n\n<section id=\"gmf4c1387\" class=\"wp-block-gutentor-m3 section-gmf4c1387 gutentor-module gutentor-container-cover\"><div class=\"grid-container\">\n<div id=\"section-g9548cb\" class=\"wp-block-gutentor-e1 section-g9548cb gutentor-element gutentor-element-advanced-text gutentor-width-enabled enable-title-design text-align-center-desktop\"><div class=\"gutentor-text-wrap divider-bottom\"><h3 class=\"gutentor-text\"> Nossos Advogados<\/h3><div class=\"gutentor-separator gutentor-separator-after border-solid\"><\/div><\/div><\/div>\n\n\n\n<section id=\"section-56967a4e-e668-4551-96a9-6f9868917f21\" class=\"wp-block-gutentor-advanced-columns gutentor-section gutentor-advanced-columns\"><div class=\"grid-container\"><div class=\"grid-row\">\n<section id=\"section-cfc2a371-fc1c-4836-89ae-2df4d2997468\" class=\"wp-block-gutentor-single-column gutentor-single-column  grid-lg-4 grid-md-4 grid-4\">\n<section id=\"gm1db1091\" class=\"wp-block-gutentor-m3 section-gm1db1091 gutentor-module gutentor-container-cover has-color-bg has-custom-bg g-pos-r-desktop g-pos-r-tablet g-pos-r-mobile g-pos-custom-desktop g-pos-custom-tablet g-pos-custom-mobile\"><div class=\"grid-container\">\n<div id=\"section-gefb40f\" class=\"wp-block-gutentor-e1 section-gefb40f gutentor-element gutentor-element-advanced-text text-align-center-desktop text-align-center-tablet text-align-center-mobile\"><div class=\"gutentor-text-wrap\"><a class=\"gutentor-element-advanced-text-link\" href=\"#\"><h4 class=\"gutentor-text\">Maria L\u00facia Benhame<\/h4><\/a><\/div><\/div>\n\n\n\n<div id=\"section-g24e58d\" class=\"wp-block-gutentor-e1 section-g24e58d gutentor-element gutentor-element-advanced-text text-align-center-desktop text-align-center-tablet text-align-center-mobile\"><div class=\"gutentor-text-wrap\"><p class=\"gutentor-text\">Advogada e S\u00f3cia-fundadora da banca Benhame Advocacia<\/p><\/div><\/div>\n<\/div><\/section>\n<\/section>\n\n\n\n<section id=\"section-8632e7da-d35c-4970-88ee-784130925793\" class=\"wp-block-gutentor-single-column gutentor-single-column  grid-lg-4 grid-md-4 grid-4\">\n<section id=\"gm1b4ef2a\" class=\"wp-block-gutentor-m3 section-gm1b4ef2a gutentor-module gutentor-container-cover has-color-bg has-custom-bg g-pos-r-desktop g-pos-r-tablet g-pos-r-mobile g-pos-custom-desktop g-pos-custom-tablet g-pos-custom-mobile\"><div class=\"grid-container\">\n<div id=\"section-g655a74\" class=\"wp-block-gutentor-e1 section-g655a74 gutentor-element gutentor-element-advanced-text text-align-center-desktop text-align-center-tablet text-align-center-mobile\"><div class=\"gutentor-text-wrap\"><h4 class=\"gutentor-text\">Priscila Fernandes de Oliveira<\/h4><\/div><\/div>\n\n\n\n<div id=\"section-g7491fe\" class=\"wp-block-gutentor-e1 section-g7491fe gutentor-element gutentor-element-advanced-text text-align-center-desktop text-align-center-tablet text-align-center-mobile\"><div class=\"gutentor-text-wrap\"><p class=\"gutentor-text\">Advogada atuante na \u00e1rea contenciosa<\/p><\/div><\/div>\n<\/div><\/section>\n<\/section>\n\n\n\n<section id=\"section-b46856dc-3159-4c2f-b46c-ee9adfaacf72\" class=\"wp-block-gutentor-single-column gutentor-single-column  grid-lg-4 grid-md-4 grid-4\">\n<section id=\"gm9eba114\" class=\"wp-block-gutentor-m3 section-gm9eba114 gutentor-module gutentor-container-cover has-color-bg has-custom-bg g-pos-r-desktop g-pos-r-tablet g-pos-r-mobile g-pos-custom-desktop g-pos-custom-tablet g-pos-custom-mobile\"><div class=\"grid-container\">\n<div id=\"section-gfad2a6\" class=\"wp-block-gutentor-e1 section-gfad2a6 gutentor-element gutentor-element-advanced-text text-align-center-desktop text-align-center-tablet text-align-center-mobile\"><div class=\"gutentor-text-wrap\"><h4 class=\"gutentor-text\">Domitila Gon\u00e7alves Trajano<\/h4><\/div><\/div>\n\n\n\n<div id=\"section-g5aee15\" class=\"wp-block-gutentor-e1 section-g5aee15 gutentor-element gutentor-element-advanced-text text-align-center-desktop text-align-center-tablet text-align-center-mobile\"><div class=\"gutentor-text-wrap\"><p class=\"gutentor-text\">Advogada atuante nas \u00e1reas contenciosa c\u00edvel e trabalhista<\/p><\/div><\/div>\n<\/div><\/section>\n<\/section>\n<\/div><\/div><\/section>\n<\/div><\/section>\n\n\n\n<section id=\"gm8380411\" class=\"wp-block-gutentor-m3 section-gm8380411 gutentor-module gutentor-container-cover\"><div class=\"grid-container\">\n<div id=\"section-g5f7bd5\" class=\"wp-block-gutentor-e1 section-g5f7bd5 gutentor-element gutentor-element-advanced-text gutentor-width-enabled enable-title-design text-align-center-desktop\"><div class=\"gutentor-text-wrap divider-bottom\"><h4 class=\"gutentor-text\">Ultimas Atualiza\u00e7\u00f5es<\/h4><div class=\"gutentor-separator gutentor-separator-after border-solid\"><\/div><\/div><\/div>\n\n\n<section class=\"gutentor-section gutentor-blog-post-wrapper blog-template1 wp-block-gutentor-blog-post\" id=\"section-3f6dbe6f-72c1-477e-8d21-eaac203e1137\">\n<div class='grid-container'><div class=\"gutentor-block-header\"><\/div><div class='gutentor-grid-item-wrap '><div class='grid-row '><article class='gutentor-post-has-thumb  grid-lg-4 grid-md-4 grid-12 blog-grid'><div class=\"gutentor-single-item\"><div class=\"gutentor-single-item-image-box\"><div class=\"gutentor-image-thumb\"><img loading=\"lazy\" decoding=\"async\" width=\"1040\" height=\"586\" src=\"https:\/\/www.benhame.adv.br\/wp-content\/uploads\/2026\/04\/6.png\" class=\"attachment- size- wp-post-image\" alt=\"\" \/><\/div><\/div><div class=\"gutentor-post-content\"><h4 class=\"gutentor-single-item-title\"><a href=\"https:\/\/www.benhame.adv.br\/?p=3604\" rel=\"bookmark\">Relat\u00f3rio sobre trabalho por aplicativo deve manter piso de R$ 8,50 por corrida<\/a><\/h4><div class=\"entry-meta\"><div class=\"posted-on\"><i class=\"far fa-calendar-alt\"><\/i><a href=\"https:\/\/www.benhame.adv.br\/?p=3604\" rel=\"bookmark\">3 abril, 2026<\/a><\/div><div class=\"cat-links\"><i class=\"fas fa-tags\"><\/i><a href=\"https:\/\/www.benhame.adv.br\/?cat=14\" rel=\"category\">Not\u00edcias<\/a><\/div><\/div><div class=\"gutentor-post-excerpt gutentor-single-item-desc\"><p class='gutentor-single-item-desc'>Propostas integram conjunto de reivindica\u00e7\u00f5es da categoria; expectativa \u00e9 que o novo parecer seja li&hellip;<\/p><\/div><a class=\"gutentor-button gutentor-single-item-button gutentor-icon-hide\" href=\"https:\/\/www.benhame.adv.br\/?p=3604\" target=\"_blank\" rel=\"noopener noreferrer\"><i class=\"gutentor-button-icon fas fa-book\"><\/i><span>Leia Mais<\/span><\/a><\/div><\/div><\/article><article class='gutentor-post-has-thumb  grid-lg-4 grid-md-4 grid-12 blog-grid'><div class=\"gutentor-single-item\"><div class=\"gutentor-single-item-image-box\"><div class=\"gutentor-image-thumb\"><img loading=\"lazy\" decoding=\"async\" width=\"1040\" height=\"586\" src=\"https:\/\/www.benhame.adv.br\/wp-content\/uploads\/2026\/04\/5.png\" class=\"attachment- size- wp-post-image\" alt=\"\" \/><\/div><\/div><div class=\"gutentor-post-content\"><h4 class=\"gutentor-single-item-title\"><a href=\"https:\/\/www.benhame.adv.br\/?p=3602\" rel=\"bookmark\">Uni\u00e3o Europeia recomenda mais home office e menos viagens de avi\u00e3o em meio a crise de energia<\/a><\/h4><div class=\"entry-meta\"><div class=\"posted-on\"><i class=\"far fa-calendar-alt\"><\/i><a href=\"https:\/\/www.benhame.adv.br\/?p=3602\" rel=\"bookmark\">3 abril, 2026<\/a><\/div><div class=\"cat-links\"><i class=\"fas fa-tags\"><\/i><a href=\"https:\/\/www.benhame.adv.br\/?cat=14\" rel=\"category\">Not\u00edcias<\/a><\/div><\/div><div class=\"gutentor-post-excerpt gutentor-single-item-desc\"><p class='gutentor-single-item-desc'>Crise eleva pre\u00e7os de g\u00e1s e petr\u00f3leo na Europa, j\u00e1 pressiona custos de importa\u00e7\u00e3o e aumenta risco de&hellip;<\/p><\/div><a class=\"gutentor-button gutentor-single-item-button gutentor-icon-hide\" href=\"https:\/\/www.benhame.adv.br\/?p=3602\" target=\"_blank\" rel=\"noopener noreferrer\"><i class=\"gutentor-button-icon fas fa-book\"><\/i><span>Leia Mais<\/span><\/a><\/div><\/div><\/article><article class='gutentor-post-has-thumb  grid-lg-4 grid-md-4 grid-12 blog-grid'><div class=\"gutentor-single-item\"><div class=\"gutentor-single-item-image-box\"><div class=\"gutentor-image-thumb\"><img loading=\"lazy\" decoding=\"async\" width=\"1040\" height=\"586\" src=\"https:\/\/www.benhame.adv.br\/wp-content\/uploads\/2026\/04\/4.png\" class=\"attachment- size- wp-post-image\" alt=\"\" \/><\/div><\/div><div class=\"gutentor-post-content\"><h4 class=\"gutentor-single-item-title\"><a href=\"https:\/\/www.benhame.adv.br\/?p=3600\" rel=\"bookmark\">Consignado CLT deve chegar a R$ 20 bilh\u00f5es por m\u00eas ainda neste ano, projeta fintech de cr\u00e9dito<\/a><\/h4><div class=\"entry-meta\"><div class=\"posted-on\"><i class=\"far fa-calendar-alt\"><\/i><a href=\"https:\/\/www.benhame.adv.br\/?p=3600\" rel=\"bookmark\">3 abril, 2026<\/a><\/div><div class=\"cat-links\"><i class=\"fas fa-tags\"><\/i><a href=\"https:\/\/www.benhame.adv.br\/?cat=14\" rel=\"category\">Not\u00edcias<\/a><\/div><\/div><div class=\"gutentor-post-excerpt gutentor-single-item-desc\"><p class='gutentor-single-item-desc'>BYX Capital acredita que oportunidade est\u00e1 nas micro e pequenas empresas. Mercado espera tamb\u00e9m a re&hellip;<\/p><\/div><a class=\"gutentor-button gutentor-single-item-button gutentor-icon-hide\" href=\"https:\/\/www.benhame.adv.br\/?p=3600\" target=\"_blank\" rel=\"noopener noreferrer\"><i class=\"gutentor-button-icon fas fa-book\"><\/i><span>Leia Mais<\/span><\/a><\/div><\/div><\/article><\/div><\/div><\/div><\/section>\n\n\n<p><\/p>\n<\/div><\/section>\n\n\n\n<section id=\"section-6046c1b4-cca2-4ddd-945a-e3f41ba1eb33\" class=\"wp-block-gutentor-divider section-6046c1b4-cca2-4ddd-945a-e3f41ba1eb33 gutentor-element gutentor-section gutentor-divider text-center\"><div class=\"grid-container\"><div class=\"gutentor-divider-box\"><span class=\"gutentor-divider-separator\"><\/span><\/div><\/div><\/section>\n\n\n\n<section id=\"gmfc4875d\" class=\"wp-block-gutentor-m3 section-gmfc4875d gutentor-module gutentor-container-cover g-pos-r-desktop g-pos-d-tablet g-pos-d-mobile g-pos-custom-desktop\"><div class=\"grid-container\">\n<section id=\"section-3458536d-0f0f-468b-84db-14dc1d9279f2\" class=\"wp-block-gutentor-advanced-columns gutentor-section gutentor-advanced-columns\"><div class=\"grid-container\"><div class=\"grid-row\">\n<section id=\"section-c649a984-72b5-4108-bf84-8ce6839c6d37\" class=\"wp-block-gutentor-single-column gutentor-single-column  grid-lg-5 grid-md-12 grid-12\">\n<section id=\"gmcb1abc5\" class=\"wp-block-gutentor-m3 section-gmcb1abc5 gutentor-module gutentor-container-cover has-image-bg has-custom-bg has-gutentor-overlay g-pos-r-desktop g-pos-r-tablet g-pos-r-mobile g-pos-custom-desktop g-pos-custom-tablet g-pos-custom-mobile\"><div class=\"grid-container\">\n<div id=\"section-gd4617f\" class=\"wp-block-gutentor-e1 section-gd4617f gutentor-element gutentor-element-advanced-text text-align-center-desktop text-align-center-tablet text-align-center-mobile\"><div class=\"gutentor-text-wrap\"><h2 class=\"gutentor-text\">Conecte-se!<\/h2><\/div><\/div>\n\n\n\n<div id=\"section-g13e2bb\" class=\"wp-block-gutentor-e1 section-g13e2bb gutentor-element gutentor-element-advanced-text text-align-center-desktop text-align-center-tablet text-align-center-mobile\"><div class=\"gutentor-text-wrap\"><p class=\"gutentor-text\">Inscreva-se em nossa Newsletter e fique por dentro de todas as not\u00edcias!<\/p><\/div><\/div>\n\n\n\n<section id=\"gm8e587fb\" class=\"wp-block-gutentor-m3 section-gm8e587fb gutentor-module gutentor-container-cover\"><div class=\"grid-container\">\n<div id=\"section-g628708\" class=\"wp-block-gutentor-e2 section-g628708 gutentor-element gutentor-element-button button-align-center-desktop button-align-center-tablet button-align-center-mobile\"><span class=\"gutentor-button-wrap\"><a class=\"gutentor-button gutentor-block-button gutentor-icon-before\" href=\"#\"><i class=\"gutentor-button-icon far fa-envelope\"><\/i><span><\/span><\/a><\/span><\/div>\n\n\n\n<div id=\"section-gf9f4c4\" class=\"wp-block-gutentor-e2 section-gf9f4c4 gutentor-element gutentor-element-button button-align-center-desktop button-align-center-tablet button-align-center-mobile\"><span class=\"gutentor-button-wrap\"><a class=\"gutentor-button gutentor-block-button gutentor-icon-hide\" href=\"#\"><i class=\"gutentor-button-icon fas fa-book\"><\/i><span>benhame@benhame.adv.br<\/span><\/a><\/span><\/div>\n<\/div><\/section>\n\n\n\n<section id=\"gm7ed6fd2\" class=\"wp-block-gutentor-m3 section-gm7ed6fd2 gutentor-module gutentor-container-cover\"><div class=\"grid-container\">\n<div id=\"section-gc4868a\" class=\"wp-block-gutentor-e2 section-gc4868a gutentor-element gutentor-element-button button-align-center-desktop button-align-center-tablet button-align-center-mobile\"><span class=\"gutentor-button-wrap\"><a class=\"gutentor-button gutentor-block-button gutentor-icon-before\" href=\"#\"><i class=\"gutentor-button-icon fas fa-phone-volume\"><\/i><span><\/span><\/a><\/span><\/div>\n\n\n\n<div id=\"section-gd67321\" class=\"wp-block-gutentor-e2 section-gd67321 gutentor-element gutentor-element-button button-align-center-desktop button-align-center-tablet button-align-center-mobile\"><span class=\"gutentor-button-wrap\"><a class=\"gutentor-button gutentor-block-button gutentor-icon-hide\" href=\"#\"><i class=\"gutentor-button-icon fas fa-book\"><\/i><span>(11) 5584-9496<\/span><\/a><\/span><\/div>\n<\/div><\/section>\n\n\n\n<section id=\"gm653a9d4\" class=\"wp-block-gutentor-m3 section-gm653a9d4 gutentor-module gutentor-container-cover\"><div class=\"grid-container\">\n<div id=\"section-gfd0744\" class=\"wp-block-gutentor-e2 section-gfd0744 gutentor-element gutentor-element-button button-align-center-desktop button-align-center-tablet button-align-center-mobile\"><span class=\"gutentor-button-wrap\"><a class=\"gutentor-button gutentor-block-button gutentor-icon-before\" href=\"#\"><i class=\"gutentor-button-icon fas fa-map-marker-alt\"><\/i><span><\/span><\/a><\/span><\/div>\n\n\n\n<div id=\"section-g8e7462\" class=\"wp-block-gutentor-e1 section-g8e7462 gutentor-element gutentor-element-advanced-text text-align-center-desktop text-align-center-tablet text-align-center-mobile\"><div class=\"gutentor-text-wrap\"><p class=\"gutentor-text\">Rua Carneiro da Cunha, 167, cj47, Vila da Sa\u00fade, S\u00e3o Paulo &#8211; SP<\/p><\/div><\/div>\n<\/div><\/section>\n<\/div><\/section>\n<\/section>\n\n\n\n<section id=\"section-f789a6ec-96c5-4b5f-af8e-4cf03ac546fd\" class=\"wp-block-gutentor-single-column gutentor-single-column  grid-lg-7 grid-md-12 grid-12\">\n<section id=\"gme7f9688\" class=\"wp-block-gutentor-m3 section-gme7f9688 gutentor-module gutentor-container-cover g-pos-r-desktop g-pos-r-tablet g-pos-r-mobile g-pos-custom-desktop g-pos-custom-tablet g-pos-custom-mobile\"><div class=\"grid-container\">\n<div id=\"section-gdcf822\" class=\"wp-block-gutentor-e1 section-gdcf822 gutentor-element gutentor-element-advanced-text text-align-left-desktop\"><div class=\"gutentor-text-wrap\"><h4 class=\"gutentor-text\">Entre em contato conosco<\/h4><\/div><\/div>\n\n\n\n\n<div class=\"wpcf7 no-js\" id=\"wpcf7-f46-o1\" lang=\"en-US\" dir=\"ltr\" data-wpcf7-id=\"46\">\n<div class=\"screen-reader-response\"><p role=\"status\" aria-live=\"polite\" aria-atomic=\"true\"><\/p> <ul><\/ul><\/div>\n<form action=\"\/index.php?rest_route=%2Fwp%2Fv2%2Fpages%2F62#wpcf7-f46-o1\" method=\"post\" class=\"wpcf7-form init\" aria-label=\"Contact form\" novalidate=\"novalidate\" data-status=\"init\">\n<fieldset class=\"hidden-fields-container\"><input type=\"hidden\" name=\"_wpcf7\" value=\"46\" \/><input type=\"hidden\" name=\"_wpcf7_version\" value=\"6.1.5\" \/><input type=\"hidden\" name=\"_wpcf7_locale\" value=\"en_US\" \/><input type=\"hidden\" name=\"_wpcf7_unit_tag\" value=\"wpcf7-f46-o1\" \/><input type=\"hidden\" name=\"_wpcf7_container_post\" value=\"0\" \/><input type=\"hidden\" name=\"_wpcf7_posted_data_hash\" value=\"\" \/>\n<\/fieldset>\n<p><label> Nome (obrigat\u00f3rio)<br \/>\n<span class=\"wpcf7-form-control-wrap\" data-name=\"your-name\"><input size=\"40\" maxlength=\"400\" class=\"wpcf7-form-control wpcf7-text wpcf7-validates-as-required\" aria-required=\"true\" aria-invalid=\"false\" value=\"\" type=\"text\" name=\"your-name\" \/><\/span> <\/label>\n<\/p>\n<p><label> E-mail (obrigat\u00f3rio)<br \/>\n<span class=\"wpcf7-form-control-wrap\" data-name=\"your-email\"><input size=\"40\" maxlength=\"400\" class=\"wpcf7-form-control wpcf7-email wpcf7-validates-as-required wpcf7-text wpcf7-validates-as-email\" aria-required=\"true\" aria-invalid=\"false\" value=\"\" type=\"email\" name=\"your-email\" \/><\/span> <\/label>\n<\/p>\n<p><label> Assunto<br \/>\n<span class=\"wpcf7-form-control-wrap\" data-name=\"your-subject\"><input size=\"40\" maxlength=\"400\" class=\"wpcf7-form-control wpcf7-text\" aria-invalid=\"false\" value=\"\" type=\"text\" name=\"your-subject\" \/><\/span> <\/label>\n<\/p>\n<p><label> Mensagem<br \/>\n<span class=\"wpcf7-form-control-wrap\" data-name=\"your-message\"><textarea cols=\"40\" rows=\"10\" maxlength=\"2000\" class=\"wpcf7-form-control wpcf7-textarea\" aria-invalid=\"false\" name=\"your-message\"><\/textarea><\/span> <\/label>\n<\/p>\n<p><input class=\"wpcf7-form-control wpcf7-submit has-spinner\" type=\"submit\" value=\"Enviar\" \/>\n<\/p><p style=\"display: none !important;\" class=\"akismet-fields-container\" data-prefix=\"_wpcf7_ak_\"><label>&#916;<textarea name=\"_wpcf7_ak_hp_textarea\" cols=\"45\" rows=\"8\" maxlength=\"100\"><\/textarea><\/label><input type=\"hidden\" id=\"ak_js_1\" name=\"_wpcf7_ak_js\" value=\"225\"\/><script>document.getElementById( \"ak_js_1\" ).setAttribute( \"value\", ( new Date() ).getTime() );<\/script><\/p><div class=\"wpcf7-response-output\" aria-hidden=\"true\"><\/div>\n<\/form>\n<\/div>\n\r\n\t\t\t\t<script>\r\n\t\t\t\tif ( typeof huOptions !== 'undefined' ) {\r\n\t\t\t\t\tvar huFormData = {\"source\":\"contactform7\",\"id\":46,\"title\":\"contact\",\"fields\":{\"subject\":{\"first_name\":\"your-name\",\"email\":\"your-email\"},\"preferences\":{\"terms\":\"your-consent\"}}};\r\n\t\t\t\t\tvar huFormNode = document.querySelector( '[id^=\"wpcf7-f46-\"] form' );\r\n\r\n\t\t\t\t\thuFormData['node'] = huFormNode;\r\n\t\t\t\t\thuOptions['forms'].push( huFormData );\r\n\t\t\t\t}\r\n\t\t\t\t<\/script>\n<\/div><\/section>\n\n\n\n<section id=\"gm5480e41\" class=\"wp-block-gutentor-m3 section-gm5480e41 gutentor-module gutentor-container-cover has-color-bg has-custom-bg g-pos-a-desktop g-pos-a-tablet g-pos-a-mobile g-pos-custom-desktop g-pos-custom-tablet g-pos-custom-mobile\"><div class=\"grid-container\"><\/div><\/section>\n<\/section>\n<\/div><\/div><\/section>\n\n\n\n<p><\/p>\n<\/div><\/section>\n","protected":false},"excerpt":{"rendered":"","protected":false},"author":1,"featured_media":0,"parent":0,"menu_order":0,"comment_status":"closed","ping_status":"closed","template":"template-gutentor-full-width.php","meta":{"footnotes":""},"class_list":["post-62","page","type-page","status-publish","hentry"],"_links":{"self":[{"href":"https:\/\/www.benhame.adv.br\/index.php?rest_route=\/wp\/v2\/pages\/62","targetHints":{"allow":["GET"]}}],"collection":[{"href":"https:\/\/www.benhame.adv.br\/index.php?rest_route=\/wp\/v2\/pages"}],"about":[{"href":"https:\/\/www.benhame.adv.br\/index.php?rest_route=\/wp\/v2\/types\/page"}],"author":[{"embeddable":true,"href":"https:\/\/www.benhame.adv.br\/index.php?rest_route=\/wp\/v2\/users\/1"}],"replies":[{"embeddable":true,"href":"https:\/\/www.benhame.adv.br\/index.php?rest_route=%2Fwp%2Fv2%2Fcomments&post=62"}],"version-history":[{"count":68,"href":"https:\/\/www.benhame.adv.br\/index.php?rest_route=\/wp\/v2\/pages\/62\/revisions"}],"predecessor-version":[{"id":3464,"href":"https:\/\/www.benhame.adv.br\/index.php?rest_route=\/wp\/v2\/pages\/62\/revisions\/3464"}],"wp:attachment":[{"href":"https:\/\/www.benhame.adv.br\/index.php?rest_route=%2Fwp%2Fv2%2Fmedia&parent=62"}],"curies":[{"name":"wp","href":"https:\/\/api.w.org\/{rel}","templated":true}]}}