{"id":2,"date":"2021-04-26T13:34:31","date_gmt":"2021-04-26T16:34:31","guid":{"rendered":"https:\/\/www.benhame.adv.br\/?page_id=2"},"modified":"2026-02-18T16:51:47","modified_gmt":"2026-02-18T19:51:47","slug":"pagina-exemplo","status":"publish","type":"page","link":"https:\/\/www.benhame.adv.br\/?page_id=2","title":{"rendered":"Equipe"},"content":{"rendered":"\n<div id=\"section-g92f0da\" class=\"wp-block-gutentor-e1 section-g92f0da gutentor-element gutentor-element-advanced-text gutentor-width-enabled enable-title-design text-align-center-desktop text-align-center-tablet text-align-center-mobile\"><div class=\"gutentor-text-wrap divider-bottom\"><h2 class=\"gutentor-text\">Equipe<\/h2><div class=\"gutentor-separator gutentor-separator-after border-solid\"><\/div><\/div><\/div>\n\n\n\n<div id=\"section-g89e0c6\" class=\"wp-block-gutentor-e6 section-g89e0c6 gutentor-element gutentor-element-image text-align-center-desktop text-align-center-tablet text-align-center-mobile\"><div class=\"gutentor-element-image-box\"><div class=\"gutentor-image-thumb\"><img decoding=\"async\" class=\"normal-image\" src=\"https:\/\/www.benhame.adv.br\/wp-content\/uploads\/2025\/03\/Imagem-do-WhatsApp-de-2025-03-12-as-18.08.19_6e9a3063.jpg\" \/><\/div><\/div><\/div>\n\n\n\n<div id=\"section-g50f4c2\" class=\"wp-block-gutentor-e1 section-g50f4c2 gutentor-element gutentor-element-advanced-text gutentor-width-enabled enable-title-design text-align-center-desktop text-align-center-tablet text-align-center-mobile\"><div class=\"gutentor-text-wrap divider-bottom\"><h3 class=\"gutentor-text\">Maria Lucia Ciampa Benhame Puglisi<\/h3><div class=\"gutentor-separator gutentor-separator-after border-solid\"><\/div><\/div><\/div>\n\n\n\n<div id=\"section-g41c77a\" class=\"wp-block-gutentor-e1 section-g41c77a gutentor-element gutentor-element-advanced-text text-align-center-desktop text-align-center-tablet text-align-center-mobile\"><div class=\"gutentor-text-wrap\"><p class=\"gutentor-text\">S\u00f3cia-fundadora da banca Benhame Advocacia.<\/p><\/div><\/div>\n\n\n\n<div id=\"section-g24dc63\" class=\"wp-block-gutentor-e1 section-g24dc63 gutentor-element gutentor-element-advanced-text text-align-justify-desktop text-align-justify-tablet text-align-justify-mobile\"><div class=\"gutentor-text-wrap\"><p class=\"gutentor-text\">Advogada, formada em 1987 na Faculdade de Direto \u2013 USP, com P\u00f3s-gradua\u00e7\u00e3o latu-sensu em Direito do Trabalho e Previd\u00eancia Social pela mesma faculdade, Cursos de extens\u00e3o na\u00a0 Faculdade de Direito da FGV de Lideran\u00e7a Sindical Empresarial, de Gest\u00e3o de Pessoas e Compliance Trabalhista e Fus\u00f5es e Aquisi\u00e7\u00f5es \u2013 M&amp;A. Curso de Arbitragem Trabalhista no PACE- AMCHAM. Membro do CIELO Laboral, do Comit\u00ea Jur\u00eddico da C\u00e2mara Espanhola, Vice-l\u00edder do Comit\u00ea de Gest\u00e3o de Pessoas da C\u00e2mara Espanhola.\u00a0 Diretora Presidente e uma das fundadoras da APRES- Associa\u00e7\u00e3o Paulista de Rela\u00e7\u00f5es e Estudos Sindicais. S\u00f3cia fundadora do Benhame Advogados, atuando desde 1988 com consultoria para empresas de diferentes portes e segmentos, na \u00e1rea consultiva em recursos humanos e negocia\u00e7\u00f5es sindicais e processos civis e trabalhistas individuais e coletivos. Volunt\u00e1ria desde 1994 com pessoas com defici\u00eancia intelectual e autismo.<br><br>Idiomas: Portugu\u00eas, Ingl\u00eas, Franc\u00eas, Italiano e Espanhol. <br><br><strong><a href=\"http:\/\/lattes.cnpq.br\/5969911090298446\">Lattes<\/a><\/strong> | <a href=\"https:\/\/www.linkedin.com\/in\/maria-lucia-benhame-4715b32\/\"><strong>Linkedin<\/strong><\/a><\/p><\/div><\/div>\n\n\n\n<div id=\"section-g510894\" class=\"wp-block-gutentor-e1 section-g510894 gutentor-element gutentor-element-advanced-text text-align-center-desktop text-align-center-tablet text-align-center-mobile\"><div class=\"gutentor-text-wrap\"><h4 class=\"gutentor-text\">Advogados Associados<\/h4><\/div><\/div>\n\n\n\n<section id=\"gm4273db7\" class=\"wp-block-gutentor-m4 section-gm4273db7 gutentor-module gutentor-advanced-columns\"><div class=\"grid-container\"><div class=\"grid-row\">\n<div id=\"col-gmc898ad\" class=\"wp-block-gutentor-m4-col col-gmc898ad gutentor-single-column  grid-lg-6 grid-md-6 grid-6\"><div id=\"section-gmc898ad\" class=\"section-gmc898ad gutentor-col-wrap\">\n<section id=\"gmabf3e52\" class=\"wp-block-gutentor-m3 section-gmabf3e52 gutentor-module gutentor-container-cover has-color-bg has-custom-bg g-pos-r-desktop g-pos-r-tablet g-pos-r-mobile g-pos-custom-desktop\"><div class=\"grid-container\">\n<div id=\"section-g6a72f7\" class=\"wp-block-gutentor-e1 section-g6a72f7 gutentor-element gutentor-element-advanced-text text-align-center-desktop text-align-center-tablet text-align-center-mobile\"><div class=\"gutentor-text-wrap\"><h4 class=\"gutentor-text\">Priscila Fernandes de Oliveira<\/h4><\/div><\/div>\n\n\n\n<div id=\"section-gb8348a\" class=\"wp-block-gutentor-e1 section-gb8348a gutentor-element gutentor-element-advanced-text text-align-center-desktop text-align-center-tablet text-align-center-mobile\"><div class=\"gutentor-text-wrap\"><p class=\"gutentor-text\">Advogada formada pela Faculdade Anhanguera, com gradua\u00e7\u00e3o em Recursos Humanos na UNIABC, p\u00f3s-graduada em Direito do Trabalho na USCS,&nbsp; atua no escrit\u00f3rio nas \u00e1reas contenciosa civil e trabalhista, consultiva e sindical, desenvolvendo pareceres jur\u00eddicos com&nbsp; solu\u00e7\u00f5es aos clientes e negocia\u00e7\u00f5es&nbsp; coletivas.<\/p><\/div><\/div>\n<\/div><\/section>\n<\/div><\/div>\n\n\n\n<div id=\"col-gm16c04f\" class=\"wp-block-gutentor-m4-col col-gm16c04f gutentor-single-column  grid-lg-6 grid-md-6 grid-6\"><div id=\"section-gm16c04f\" class=\"section-gm16c04f gutentor-col-wrap\">\n<section id=\"gm5b4b67f\" class=\"wp-block-gutentor-m3 section-gm5b4b67f gutentor-module gutentor-container-cover has-color-bg has-custom-bg g-pos-r-desktop g-pos-r-tablet g-pos-r-mobile g-pos-custom-desktop\"><div class=\"grid-container\">\n<div id=\"section-gd54869\" class=\"wp-block-gutentor-e1 section-gd54869 gutentor-element gutentor-element-advanced-text text-align-center-desktop text-align-center-tablet text-align-center-mobile\"><div class=\"gutentor-text-wrap\"><h4 class=\"gutentor-text\">Domitila Gon\u00e7alves Trajano<\/h4><\/div><\/div>\n\n\n\n<div id=\"section-gccd4fd\" class=\"wp-block-gutentor-e1 section-gccd4fd gutentor-element gutentor-element-advanced-text text-align-center-desktop text-align-center-tablet text-align-center-mobile\"><div class=\"gutentor-text-wrap\"><p class=\"gutentor-text\">Advogada graduada pela FMU &#8211; Faculdades Metropolitanas Unidas. Atuante nas \u00e1reas contenciosas c\u00edvel&nbsp;e&nbsp;trabalhista.<\/p><\/div><\/div>\n<\/div><\/section>\n<\/div><\/div>\n<\/div><\/div><\/section>\n","protected":false},"excerpt":{"rendered":"","protected":false},"author":1,"featured_media":0,"parent":0,"menu_order":0,"comment_status":"closed","ping_status":"open","template":"template-gutentor-full-width.php","meta":{"footnotes":""},"class_list":["post-2","page","type-page","status-publish","hentry"],"_links":{"self":[{"href":"https:\/\/www.benhame.adv.br\/index.php?rest_route=\/wp\/v2\/pages\/2","targetHints":{"allow":["GET"]}}],"collection":[{"href":"https:\/\/www.benhame.adv.br\/index.php?rest_route=\/wp\/v2\/pages"}],"about":[{"href":"https:\/\/www.benhame.adv.br\/index.php?rest_route=\/wp\/v2\/types\/page"}],"author":[{"embeddable":true,"href":"https:\/\/www.benhame.adv.br\/index.php?rest_route=\/wp\/v2\/users\/1"}],"replies":[{"embeddable":true,"href":"https:\/\/www.benhame.adv.br\/index.php?rest_route=%2Fwp%2Fv2%2Fcomments&post=2"}],"version-history":[{"count":20,"href":"https:\/\/www.benhame.adv.br\/index.php?rest_route=\/wp\/v2\/pages\/2\/revisions"}],"predecessor-version":[{"id":3564,"href":"https:\/\/www.benhame.adv.br\/index.php?rest_route=\/wp\/v2\/pages\/2\/revisions\/3564"}],"wp:attachment":[{"href":"https:\/\/www.benhame.adv.br\/index.php?rest_route=%2Fwp%2Fv2%2Fmedia&parent=2"}],"curies":[{"name":"wp","href":"https:\/\/api.w.org\/{rel}","templated":true}]}}