{"id":171,"date":"2021-04-30T14:19:40","date_gmt":"2021-04-30T17:19:40","guid":{"rendered":"https:\/\/www.benhame.adv.br\/?page_id=171"},"modified":"2025-01-07T10:44:38","modified_gmt":"2025-01-07T13:44:38","slug":"direito-do-trabalho","status":"publish","type":"page","link":"https:\/\/www.benhame.adv.br\/?page_id=171","title":{"rendered":"Direito do Trabalho"},"content":{"rendered":"\n<div id=\"section-g0ed78a\" class=\"wp-block-gutentor-e1 section-g0ed78a gutentor-element gutentor-element-advanced-text gutentor-width-enabled enable-title-design text-align-center-desktop text-align-center-tablet text-align-center-mobile\"><div class=\"gutentor-text-wrap divider-bottom\"><h2 class=\"gutentor-text\">Direito do Trabalho<\/h2><div class=\"gutentor-separator gutentor-separator-after border-solid\"><\/div><\/div><\/div>\n\n\n\n<div id=\"section-g7fdb38\" class=\"wp-block-gutentor-e1 section-g7fdb38 gutentor-element gutentor-element-advanced-text text-align-justify-desktop text-align-justify-tablet text-align-justify-mobile\"><div class=\"gutentor-text-wrap\"><p class=\"gutentor-text\">O escrit\u00f3rio&nbsp;<strong>Benhame Advogados<\/strong>&nbsp;possui larga experi\u00eancia na \u00e1rea empresarial&nbsp; trabalhista, tanto na esfera individual como coletiva, prestando&nbsp; assessoria individualizada para as necessidade e perfis de cada cliente e desenvolve, dentre outras, atividades de:<br><br>\u2022 <em>Reestrutura\u00e7\u00e3o da \u00e1rea de recursos humanos, com implementa\u00e7\u00e3o e aperfei\u00e7oamento de pol\u00edticas e procedimentos trabalhistas, com estudo e revis\u00e3o das jornadas de trabalho, estrutura de cargos e sal\u00e1rios, c\u00f3digos de conduta, benef\u00edcios, procedimentos disciplinares, dentre outros;<\/em><br><em>\u2022 Investiga\u00e7\u00e3o de conting\u00eancias e passivos ocultos em due diligence;<\/em><br><em>\u2022 Mensura\u00e7\u00e3o de riscos financeiros efetivos e reais das demandas trabalhistas, com diagn\u00f3stico trabalhista para redu\u00e7\u00e3o de passivo;<\/em><br>\u2022 <em>Benef\u00edcios flex\u00edveis;<\/em><br><em>\u2022 Remunera\u00e7\u00e3o vari\u00e1vel;<\/em><br><em>\u2022 Gerenciamento de riscos em terceiriza\u00e7\u00f5es;<\/em><br><em>\u2022 Expatria\u00e7\u00e3o;<\/em><br><em>\u2022 Elabora\u00e7\u00e3o de planos de incentivo (b\u00f4nus, stock option, participa\u00e7\u00f5es nos lucros e resultados);<\/em><br><em>\u2022 Due diligence&nbsp; trabalhista em processo de altera\u00e7\u00f5es societ\u00e1rias de qualquer natureza,;<\/em><br><em>\u2022 Consultoria para verifica\u00e7\u00e3o e regulariza\u00e7\u00e3o de riscos p\u00f3s altera\u00e7\u00f5es societ\u00e1rias&nbsp;<\/em><br><em>\u2022 Participa\u00e7\u00e3o e elabora\u00e7\u00e3o de plano de demiss\u00e3o volunt\u00e1ria;<\/em><br><em>\u2022 Negocia\u00e7\u00f5es coletivas com atua\u00e7\u00e3o e conhecimento em sindicatos dos mais variados segmentos;<\/em><br><em>\u2022 Intermedia\u00e7\u00e3o e preserva\u00e7\u00e3o de interesses em diss\u00eddios e greves;<\/em><br><em>\u2022 Defesas em contencioso administrativo e judicial nas esferas individual e coletiva.&nbsp;<\/em><br><\/p><\/div><\/div>\n\n\n\n<p><\/p>\n","protected":false},"excerpt":{"rendered":"","protected":false},"author":1,"featured_media":0,"parent":0,"menu_order":0,"comment_status":"closed","ping_status":"closed","template":"template-gutentor-full-width.php","meta":{"footnotes":""},"class_list":["post-171","page","type-page","status-publish","hentry"],"_links":{"self":[{"href":"https:\/\/www.benhame.adv.br\/index.php?rest_route=\/wp\/v2\/pages\/171","targetHints":{"allow":["GET"]}}],"collection":[{"href":"https:\/\/www.benhame.adv.br\/index.php?rest_route=\/wp\/v2\/pages"}],"about":[{"href":"https:\/\/www.benhame.adv.br\/index.php?rest_route=\/wp\/v2\/types\/page"}],"author":[{"embeddable":true,"href":"https:\/\/www.benhame.adv.br\/index.php?rest_route=\/wp\/v2\/users\/1"}],"replies":[{"embeddable":true,"href":"https:\/\/www.benhame.adv.br\/index.php?rest_route=%2Fwp%2Fv2%2Fcomments&post=171"}],"version-history":[{"count":9,"href":"https:\/\/www.benhame.adv.br\/index.php?rest_route=\/wp\/v2\/pages\/171\/revisions"}],"predecessor-version":[{"id":3160,"href":"https:\/\/www.benhame.adv.br\/index.php?rest_route=\/wp\/v2\/pages\/171\/revisions\/3160"}],"wp:attachment":[{"href":"https:\/\/www.benhame.adv.br\/index.php?rest_route=%2Fwp%2Fv2%2Fmedia&parent=171"}],"curies":[{"name":"wp","href":"https:\/\/api.w.org\/{rel}","templated":true}]}}