{"id":170,"date":"2021-04-30T14:19:40","date_gmt":"2021-04-30T17:19:40","guid":{"rendered":"https:\/\/www.benhame.adv.br\/?page_id=170"},"modified":"2023-08-23T15:45:08","modified_gmt":"2023-08-23T18:45:08","slug":"direito-civil","status":"publish","type":"page","link":"https:\/\/www.benhame.adv.br\/?page_id=170","title":{"rendered":"Direito Civil e Contratual"},"content":{"rendered":"\n<div id=\"section-g8acdb1\" class=\"wp-block-gutentor-e1 section-g8acdb1 gutentor-element gutentor-element-advanced-text gutentor-width-enabled enable-title-design text-align-center-desktop text-align-center-tablet text-align-center-mobile\"><div class=\"gutentor-text-wrap divider-bottom\"><h2 class=\"gutentor-text\">Direito Civil e Contratual<\/h2><div class=\"gutentor-separator gutentor-separator-after border-solid\"><\/div><\/div><\/div>\n\n\n\n<div id=\"section-g7d187c\" class=\"wp-block-gutentor-e1 section-g7d187c gutentor-element gutentor-element-advanced-text text-align-left-desktop text-align-justify-tablet text-align-justify-mobile\"><div class=\"gutentor-text-wrap\"><p class=\"gutentor-text\">O escrit\u00f3rio&nbsp;<strong>Benhame Sociedade de Advogados<\/strong>&nbsp;oferece aos seus clientes, servi\u00e7os especializados nas esferas contenciosa e consultiva c\u00edvel empresarial.<br><br>\u2022 An\u00e1lise e elabora\u00e7\u00e3o de contratos nacionais e estrangeiros<br>\u2022 Acompanhamento de gest\u00e3o de contratos de loca\u00e7\u00e3o do cliente<br>\u2022 An\u00e1lise e elabora\u00e7\u00e3o de contratos societ\u00e1rios<br>\u2022 Gest\u00e3o dos contratos em conjunto com o cliente<br>\u2022 Auditoria e due diligence contratual<br>\u2022 Contencioso Civil em geral relacionado a assuntos empresariais, locat\u00edcios e outros<br><\/p><\/div><\/div>\n","protected":false},"excerpt":{"rendered":"","protected":false},"author":1,"featured_media":0,"parent":0,"menu_order":0,"comment_status":"closed","ping_status":"closed","template":"template-gutentor-full-width.php","meta":{"footnotes":""},"class_list":["post-170","page","type-page","status-publish","hentry"],"_links":{"self":[{"href":"https:\/\/www.benhame.adv.br\/index.php?rest_route=\/wp\/v2\/pages\/170","targetHints":{"allow":["GET"]}}],"collection":[{"href":"https:\/\/www.benhame.adv.br\/index.php?rest_route=\/wp\/v2\/pages"}],"about":[{"href":"https:\/\/www.benhame.adv.br\/index.php?rest_route=\/wp\/v2\/types\/page"}],"author":[{"embeddable":true,"href":"https:\/\/www.benhame.adv.br\/index.php?rest_route=\/wp\/v2\/users\/1"}],"replies":[{"embeddable":true,"href":"https:\/\/www.benhame.adv.br\/index.php?rest_route=%2Fwp%2Fv2%2Fcomments&post=170"}],"version-history":[{"count":7,"href":"https:\/\/www.benhame.adv.br\/index.php?rest_route=\/wp\/v2\/pages\/170\/revisions"}],"predecessor-version":[{"id":2251,"href":"https:\/\/www.benhame.adv.br\/index.php?rest_route=\/wp\/v2\/pages\/170\/revisions\/2251"}],"wp:attachment":[{"href":"https:\/\/www.benhame.adv.br\/index.php?rest_route=%2Fwp%2Fv2%2Fmedia&parent=170"}],"curies":[{"name":"wp","href":"https:\/\/api.w.org\/{rel}","templated":true}]}}